{"id":1035,"date":"2022-06-04T11:05:52","date_gmt":"2022-06-04T11:05:52","guid":{"rendered":"https:\/\/theme.madsparrow.me\/nicex\/?page_id=1035"},"modified":"2022-11-18T20:30:59","modified_gmt":"2022-11-18T20:30:59","slug":"bookvip","status":"publish","type":"page","link":"https:\/\/grupoelite.pt\/en\/bookvip\/","title":{"rendered":"VIP AREA"},"content":{"rendered":"<div data-elementor-type=\"wp-page\" data-elementor-id=\"1035\" class=\"elementor elementor-1035\">\n\t\t\t\t\t\t\t\t\t<section class=\"elementor-section elementor-top-section elementor-element elementor-element-00e7cb6 elementor-section-height-min-height elementor-section-boxed elementor-section-height-default elementor-section-items-middle\" data-id=\"00e7cb6\" data-element_type=\"section\" data-settings=\"{&quot;_ha_eqh_enable&quot;:false}\">\n\t\t\t\t\t\t<div class=\"elementor-container elementor-column-gap-extended\">\n\t\t\t\t\t<div class=\"elementor-column elementor-col-50 elementor-top-column elementor-element elementor-element-374d86c elementor-invisible\" data-id=\"374d86c\" data-element_type=\"column\" data-settings=\"{&quot;animation&quot;:&quot;fadeInLeft&quot;}\">\n\t\t\t<div class=\"elementor-widget-wrap elementor-element-populated\">\n\t\t\t\t\t\t\t\t<div class=\"elementor-element elementor-element-1a65de2e elementor-widget elementor-widget-heading\" data-id=\"1a65de2e\" data-element_type=\"widget\" data-widget_type=\"heading.default\">\n\t\t\t\t<div class=\"elementor-widget-container\">\n\t\t\t<style>\/*! elementor - v3.9.0 - 06-12-2022 *\/\n.elementor-heading-title{padding:0;margin:0;line-height:1}.elementor-widget-heading .elementor-heading-title[class*=elementor-size-]>a{color:inherit;font-size:inherit;line-height:inherit}.elementor-widget-heading .elementor-heading-title.elementor-size-small{font-size:15px}.elementor-widget-heading .elementor-heading-title.elementor-size-medium{font-size:19px}.elementor-widget-heading .elementor-heading-title.elementor-size-large{font-size:29px}.elementor-widget-heading .elementor-heading-title.elementor-size-xl{font-size:39px}.elementor-widget-heading .elementor-heading-title.elementor-size-xxl{font-size:59px}<\/style><h2 class=\"elementor-heading-title elementor-size-default\">VIP AREA<\/h2>\t\t<\/div>\n\t\t\t\t<\/div>\n\t\t\t\t<div class=\"elementor-element elementor-element-1d90916 elementor-widget elementor-widget-heading\" data-id=\"1d90916\" data-element_type=\"widget\" data-widget_type=\"heading.default\">\n\t\t\t\t<div class=\"elementor-widget-container\">\n\t\t\t<h1 class=\"elementor-heading-title elementor-size-default translation-block\">Want a memorable night? <br>\nBook a VIP area for your group!<\/h1>\t\t<\/div>\n\t\t\t\t<\/div>\n\t\t\t\t<div class=\"elementor-element elementor-element-1f1d353 elementor-widget elementor-widget-text-editor\" data-id=\"1f1d353\" data-element_type=\"widget\" data-widget_type=\"text-editor.default\">\n\t\t\t\t<div class=\"elementor-widget-container\">\n\t\t\t<style>\/*! elementor - v3.9.0 - 06-12-2022 *\/\n.elementor-widget-text-editor.elementor-drop-cap-view-stacked .elementor-drop-cap{background-color:#818a91;color:#fff}.elementor-widget-text-editor.elementor-drop-cap-view-framed .elementor-drop-cap{color:#818a91;border:3px solid;background-color:transparent}.elementor-widget-text-editor:not(.elementor-drop-cap-view-default) .elementor-drop-cap{margin-top:8px}.elementor-widget-text-editor:not(.elementor-drop-cap-view-default) .elementor-drop-cap-letter{width:1em;height:1em}.elementor-widget-text-editor .elementor-drop-cap{float:left;text-align:center;line-height:1;font-size:50px}.elementor-widget-text-editor .elementor-drop-cap-letter{display:inline-block}<\/style>\t\t\t\t<p class=\" translation-block\">You can reserve a VIP Area in advance here on the Elite Group website.<br>Select the night club and decide which drink you will have to accompany your good mood.<\/p>\t\t\t\t\t\t<\/div>\n\t\t\t\t<\/div>\n\t\t\t\t\t<\/div>\n\t\t<\/div>\n\t\t\t\t<div class=\"elementor-column elementor-col-50 elementor-top-column elementor-element elementor-element-191f4c9\" data-id=\"191f4c9\" data-element_type=\"column\">\n\t\t\t<div class=\"elementor-widget-wrap elementor-element-populated\">\n\t\t\t\t\t\t\t\t<div class=\"elementor-element elementor-element-43c4367 elementor-invisible elementor-widget elementor-widget-image\" data-id=\"43c4367\" data-element_type=\"widget\" data-settings=\"{&quot;_animation&quot;:&quot;fadeInRight&quot;}\" data-widget_type=\"image.default\">\n\t\t\t\t<div class=\"elementor-widget-container\">\n\t\t\t<style>\/*! elementor - v3.9.0 - 06-12-2022 *\/\n.elementor-widget-image{text-align:center}.elementor-widget-image a{display:inline-block}.elementor-widget-image a img[src$=\".svg\"]{width:48px}.elementor-widget-image img{vertical-align:middle;display:inline-block}<\/style>\t\t\t\t\t\t\t\t\t\t\t\t<img loading=\"lazy\" decoding=\"async\" width=\"522\" height=\"557\" src=\"https:\/\/grupoelite.pt\/wp-content\/uploads\/2022\/11\/karmavip.png\" class=\"attachment-large size-large wp-image-2507\" alt=\"\" srcset=\"https:\/\/grupoelite.pt\/wp-content\/uploads\/2022\/11\/karmavip.png 522w, https:\/\/grupoelite.pt\/wp-content\/uploads\/2022\/11\/karmavip-281x300.png 281w, https:\/\/grupoelite.pt\/wp-content\/uploads\/2022\/11\/karmavip-251x268.png 251w\" sizes=\"auto, (max-width: 522px) 100vw, 522px\" \/>\t\t\t\t\t\t\t\t\t\t\t\t\t\t\t<\/div>\n\t\t\t\t<\/div>\n\t\t\t\t\t<\/div>\n\t\t<\/div>\n\t\t\t\t\t\t\t<\/div>\n\t\t<\/section>\n\t\t\t\t<section class=\"elementor-section elementor-top-section elementor-element elementor-element-87f5747 elementor-section-boxed elementor-section-height-default elementor-section-height-default\" data-id=\"87f5747\" data-element_type=\"section\" data-settings=\"{&quot;background_background&quot;:&quot;classic&quot;,&quot;_ha_eqh_enable&quot;:false}\">\n\t\t\t\t\t\t<div class=\"elementor-container elementor-column-gap-extended\">\n\t\t\t\t\t<div data-ra-element-link=\"{&quot;url&quot;:&quot;https:\\\/\\\/grupoelite.pt\\\/produto\\\/area-vip-elite-club&quot;,&quot;is_external&quot;:&quot;&quot;,&quot;nofollow&quot;:&quot;&quot;,&quot;custom_attributes&quot;:&quot;&quot;}\" style=\"cursor: pointer\" onclick=\"window.location.href=&#039;https:\/\/grupoelite.pt\/produto\/area-vip-elite-club&#039;\" class=\"elementor-column elementor-col-50 elementor-top-column elementor-element elementor-element-fd4a3c5\" data-id=\"fd4a3c5\" data-element_type=\"column\" data-settings=\"{&quot;animation_mobile&quot;:&quot;fadeInUp&quot;}\">\n\t\t\t<div class=\"elementor-widget-wrap elementor-element-populated\">\n\t\t\t\t\t\t\t\t<div class=\"elementor-element elementor-element-8209529 elementor-widget elementor-widget-image\" data-id=\"8209529\" data-element_type=\"widget\" data-widget_type=\"image.default\">\n\t\t\t\t<div class=\"elementor-widget-container\">\n\t\t\t\t\t\t\t\t\t\t\t\t\t\t\t<img loading=\"lazy\" decoding=\"async\" width=\"1024\" height=\"852\" src=\"https:\/\/grupoelite.pt\/wp-content\/uploads\/2022\/10\/LOGO-ELITE-CLUB-BRANCO-1024x852.png\" class=\"attachment-large size-large wp-image-1999\" alt=\"\" srcset=\"https:\/\/grupoelite.pt\/wp-content\/uploads\/2022\/10\/LOGO-ELITE-CLUB-BRANCO-1024x852.png 1024w, https:\/\/grupoelite.pt\/wp-content\/uploads\/2022\/10\/LOGO-ELITE-CLUB-BRANCO-600x499.png 600w, https:\/\/grupoelite.pt\/wp-content\/uploads\/2022\/10\/LOGO-ELITE-CLUB-BRANCO-300x250.png 300w, https:\/\/grupoelite.pt\/wp-content\/uploads\/2022\/10\/LOGO-ELITE-CLUB-BRANCO-768x639.png 768w, https:\/\/grupoelite.pt\/wp-content\/uploads\/2022\/10\/LOGO-ELITE-CLUB-BRANCO-1536x1278.png 1536w, https:\/\/grupoelite.pt\/wp-content\/uploads\/2022\/10\/LOGO-ELITE-CLUB-BRANCO-2048x1703.png 2048w, https:\/\/grupoelite.pt\/wp-content\/uploads\/2022\/10\/LOGO-ELITE-CLUB-BRANCO-322x268.png 322w, https:\/\/grupoelite.pt\/wp-content\/uploads\/2022\/10\/LOGO-ELITE-CLUB-BRANCO-1120x932.png 1120w\" sizes=\"auto, (max-width: 1024px) 100vw, 1024px\" \/>\t\t\t\t\t\t\t\t\t\t\t\t\t\t\t<\/div>\n\t\t\t\t<\/div>\n\t\t\t\t<div class=\"elementor-element elementor-element-2e6cd41 elementor-align-center elementor-widget elementor-widget-button\" data-id=\"2e6cd41\" data-element_type=\"widget\" data-widget_type=\"button.default\">\n\t\t\t\t<div class=\"elementor-widget-container\">\n\t\t\t\t\t<div class=\"elementor-button-wrapper\">\n\t\t\t<a href=\"https:\/\/grupoelite.pt\/en\/product\/area-vip-elite-club\/\" class=\"elementor-button-link elementor-button elementor-size-sm elementor-animation-shrink\" role=\"button\">\n\t\t\t\t\t\t<span class=\"elementor-button-content-wrapper\">\n\t\t\t\t\t\t\t<span class=\"elementor-button-icon elementor-align-icon-left\">\n\t\t\t\t<i aria-hidden=\"true\" class=\"icon icon-cart2\"><\/i>\t\t\t<\/span>\n\t\t\t\t\t\t<span class=\"elementor-button-text\">BOOK VIP AREA<\/span>\n\t\t<\/span>\n\t\t\t\t\t<\/a>\n\t\t<\/div>\n\t\t\t\t<\/div>\n\t\t\t\t<\/div>\n\t\t\t\t\t<\/div>\n\t\t<\/div>\n\t\t\t\t<div data-ra-element-link=\"{&quot;url&quot;:&quot;https:\\\/\\\/grupoelite.pt\\\/produto\\\/area-vip-karma-prive&quot;,&quot;is_external&quot;:&quot;&quot;,&quot;nofollow&quot;:&quot;&quot;,&quot;custom_attributes&quot;:&quot;&quot;}\" style=\"cursor: pointer\" onclick=\"window.location.href=&#039;https:\/\/grupoelite.pt\/produto\/area-vip-karma-prive&#039;\" class=\"elementor-column elementor-col-50 elementor-top-column elementor-element elementor-element-568aff5\" data-id=\"568aff5\" data-element_type=\"column\" data-settings=\"{&quot;animation_mobile&quot;:&quot;fadeInUp&quot;}\">\n\t\t\t<div class=\"elementor-widget-wrap elementor-element-populated\">\n\t\t\t\t\t\t\t\t<div class=\"elementor-element elementor-element-70f2494 elementor-widget elementor-widget-image\" data-id=\"70f2494\" data-element_type=\"widget\" data-widget_type=\"image.default\">\n\t\t\t\t<div class=\"elementor-widget-container\">\n\t\t\t\t\t\t\t\t\t\t\t\t\t\t\t<img loading=\"lazy\" decoding=\"async\" width=\"1024\" height=\"665\" src=\"https:\/\/grupoelite.pt\/wp-content\/uploads\/2022\/10\/logokarma-branco-1024x665.png\" class=\"attachment-large size-large wp-image-2001\" alt=\"\" srcset=\"https:\/\/grupoelite.pt\/wp-content\/uploads\/2022\/10\/logokarma-branco-1024x665.png 1024w, https:\/\/grupoelite.pt\/wp-content\/uploads\/2022\/10\/logokarma-branco-600x390.png 600w, https:\/\/grupoelite.pt\/wp-content\/uploads\/2022\/10\/logokarma-branco-300x195.png 300w, https:\/\/grupoelite.pt\/wp-content\/uploads\/2022\/10\/logokarma-branco-768x499.png 768w, https:\/\/grupoelite.pt\/wp-content\/uploads\/2022\/10\/logokarma-branco-1536x998.png 1536w, https:\/\/grupoelite.pt\/wp-content\/uploads\/2022\/10\/logokarma-branco-2048x1330.png 2048w, https:\/\/grupoelite.pt\/wp-content\/uploads\/2022\/10\/logokarma-branco-400x260.png 400w, https:\/\/grupoelite.pt\/wp-content\/uploads\/2022\/10\/logokarma-branco-1120x727.png 1120w\" sizes=\"auto, (max-width: 1024px) 100vw, 1024px\" \/>\t\t\t\t\t\t\t\t\t\t\t\t\t\t\t<\/div>\n\t\t\t\t<\/div>\n\t\t\t\t<div class=\"elementor-element elementor-element-67f5d48 elementor-align-center elementor-widget elementor-widget-button\" data-id=\"67f5d48\" data-element_type=\"widget\" data-widget_type=\"button.default\">\n\t\t\t\t<div class=\"elementor-widget-container\">\n\t\t\t\t\t<div class=\"elementor-button-wrapper\">\n\t\t\t<a href=\"https:\/\/grupoelite.pt\/en\/product\/area-vip-karma-prive\/\" class=\"elementor-button-link elementor-button elementor-size-sm elementor-animation-shrink\" role=\"button\">\n\t\t\t\t\t\t<span class=\"elementor-button-content-wrapper\">\n\t\t\t\t\t\t\t<span class=\"elementor-button-icon elementor-align-icon-left\">\n\t\t\t\t<i aria-hidden=\"true\" class=\"icon icon-cart2\"><\/i>\t\t\t<\/span>\n\t\t\t\t\t\t<span class=\"elementor-button-text\">BOOK VIP AREA<\/span>\n\t\t<\/span>\n\t\t\t\t\t<\/a>\n\t\t<\/div>\n\t\t\t\t<\/div>\n\t\t\t\t<\/div>\n\t\t\t\t\t<\/div>\n\t\t<\/div>\n\t\t\t\t\t\t\t<\/div>\n\t\t<\/section>\n\t\t\t\t\t\t\t<\/div>","protected":false},"excerpt":{"rendered":"<p>\u00e1rea vip Quer uma noite memor\u00e1vel? Reverva uma \u00e1rea vip para o teu grupo! Podes reservar uma \u00c1rea VIP com anteced\u00eancia aqui no website [&hellip;]<\/p>","protected":false},"author":1,"featured_media":2692,"parent":0,"menu_order":7,"comment_status":"closed","ping_status":"closed","template":"page-custom.php","meta":{"footnotes":""},"class_list":["post-1035","page","type-page","status-publish","has-post-thumbnail","hentry"],"acf":{"full_width":false,"header_transparent":false},"aioseo_notices":[],"_links":{"self":[{"href":"https:\/\/grupoelite.pt\/en\/wp-json\/wp\/v2\/pages\/1035","targetHints":{"allow":["GET"]}}],"collection":[{"href":"https:\/\/grupoelite.pt\/en\/wp-json\/wp\/v2\/pages"}],"about":[{"href":"https:\/\/grupoelite.pt\/en\/wp-json\/wp\/v2\/types\/page"}],"author":[{"embeddable":true,"href":"https:\/\/grupoelite.pt\/en\/wp-json\/wp\/v2\/users\/1"}],"replies":[{"embeddable":true,"href":"https:\/\/grupoelite.pt\/en\/wp-json\/wp\/v2\/comments?post=1035"}],"version-history":[{"count":61,"href":"https:\/\/grupoelite.pt\/en\/wp-json\/wp\/v2\/pages\/1035\/revisions"}],"predecessor-version":[{"id":2948,"href":"https:\/\/grupoelite.pt\/en\/wp-json\/wp\/v2\/pages\/1035\/revisions\/2948"}],"wp:featuredmedia":[{"embeddable":true,"href":"https:\/\/grupoelite.pt\/en\/wp-json\/wp\/v2\/media\/2692"}],"wp:attachment":[{"href":"https:\/\/grupoelite.pt\/en\/wp-json\/wp\/v2\/media?parent=1035"}],"curies":[{"name":"wp","href":"https:\/\/api.w.org\/{rel}","templated":true}]}}