{"id":1868,"date":"2022-04-21T15:23:09","date_gmt":"2022-04-21T15:23:09","guid":{"rendered":"https:\/\/theme.madsparrow.me\/nicex\/?page_id=3"},"modified":"2022-12-08T04:57:12","modified_gmt":"2022-12-08T04:57:12","slug":"cookies-policy","status":"publish","type":"page","link":"https:\/\/grupoelite.pt\/en\/cookies-policy\/","title":{"rendered":"Cookies Policy"},"content":{"rendered":"<div data-elementor-type=\"wp-page\" data-elementor-id=\"1868\" class=\"elementor elementor-1868\">\n\t\t\t\t\t\t\t\t\t<section class=\"elementor-section elementor-top-section elementor-element elementor-element-7dde532a elementor-section-boxed elementor-section-height-default elementor-section-height-default\" data-id=\"7dde532a\" data-element_type=\"section\" data-settings=\"{&quot;_ha_eqh_enable&quot;:false}\">\n\t\t\t\t\t\t<div class=\"elementor-container elementor-column-gap-default\">\n\t\t\t\t\t<div class=\"elementor-column elementor-col-100 elementor-top-column elementor-element elementor-element-3f62fb73\" data-id=\"3f62fb73\" data-element_type=\"column\">\n\t\t\t<div class=\"elementor-widget-wrap elementor-element-populated\">\n\t\t\t\t\t\t\t\t<div class=\"elementor-element elementor-element-65abcc17 elementor-widget elementor-widget-text-editor\" data-id=\"65abcc17\" data-element_type=\"widget\" data-widget_type=\"text-editor.default\">\n\t\t\t\t<div class=\"elementor-widget-container\">\n\t\t\t<style>\/*! elementor - v3.9.0 - 06-12-2022 *\/\n.elementor-widget-text-editor.elementor-drop-cap-view-stacked .elementor-drop-cap{background-color:#818a91;color:#fff}.elementor-widget-text-editor.elementor-drop-cap-view-framed .elementor-drop-cap{color:#818a91;border:3px solid;background-color:transparent}.elementor-widget-text-editor:not(.elementor-drop-cap-view-default) .elementor-drop-cap{margin-top:8px}.elementor-widget-text-editor:not(.elementor-drop-cap-view-default) .elementor-drop-cap-letter{width:1em;height:1em}.elementor-widget-text-editor .elementor-drop-cap{float:left;text-align:center;line-height:1;font-size:50px}.elementor-widget-text-editor .elementor-drop-cap-letter{display:inline-block}<\/style>\t\t\t\t<p><!-- wp:paragraph --><\/p>\n<p>This website uses cookies to improve its service.<\/p><p><br><\/p><p><br><\/p>\n<p><!-- \/wp:paragraph --><\/p>\n<p><!-- wp:heading {\"level\":3} --><\/p>\n<h2><strong>1 \u2013 What are cookies?<\/strong><\/h2>\n<p><!-- \/wp:heading --><\/p>\n<p><!-- wp:paragraph --><\/p>\n<p>Cookies are small text files that a website, when visited by the user, places on your computer or mobile device through your internet browser (browser). Placing cookies will help the website to recognize your device the next time you visit.<\/p>\n<p><!-- \/wp:paragraph --><\/p>\n<p><!-- wp:paragraph --><\/p>\n<p>We use the term cookies in this policy to refer to all files that collect information in this way. Some cookies are essential to guarantee the functionalities provided, while others are intended to improve performance and user experience. You should not continue to access our website after the warning about cookies, if you do not agree with their use.<\/p><p><br><\/p><p><br><\/p>\n<p><!-- \/wp:paragraph --><\/p>\n<p><!-- wp:heading {\"level\":3} --><\/p>\n<h2><strong>2 \u2013 Accept<\/strong><\/h2>\n<p><!-- \/wp:heading --><\/p>\n<p><!-- wp:paragraph --><\/p>\n<p>You can at any time choose to accept or refuse the installation of cookies on your terminal by configuring your browser software.<\/p><p><br><\/p>\n<p><!-- \/wp:paragraph --><\/p>\n<p><!-- wp:heading {\"level\":4} --><\/p>\n<h4><strong>2.1 If you accept cookies<\/strong><\/h4>\n<p><!-- \/wp:heading --><\/p>\n<p><!-- wp:paragraph --><\/p>\n<p>The registration of a cookie on your terminal depends on your wishes. At any time, you will be able to express and modify your choice free of charge through the options provided by your navigation software.<\/p>\n<p><!-- \/wp:paragraph --><\/p>\n<p><!-- wp:paragraph --><\/p>\n<p>If you have accepted the recording of cookies on your terminal in the browser software you are using, the cookies integrated into the pages and contents you have consulted may be temporarily stored in a specific space on your terminal. There, they will only be readable by the issuer.<\/p><p><br><\/p>\n<p><!-- \/wp:paragraph --><\/p>\n<p><!-- wp:heading {\"level\":4} --><\/p>\n<h4><strong>2.2 What is the point of accepting cookies?<\/strong><\/h4>\n<p><!-- \/wp:heading --><\/p>\n<p><!-- wp:paragraph --><\/p>\n<p>When you visit the www.grupoelite.pt website, these cookies will record certain information that is stored on your terminal. This information serves, in particular, to offer you products based on the items you have already selected during your previous visits, and thus allow you to benefit from better navigation on our Site.<\/p>\n<p><!-- \/wp:paragraph --><\/p>\n<p><!-- wp:paragraph --><\/p>\n<p><strong><br><br><\/strong><h2><strong>3 \u2013 Refuse Cookies<\/strong><\/h2><\/p>\n<p><!-- \/wp:paragraph --><\/p>\n<p><!-- wp:heading {\"level\":4} --><\/p>\n<h4><strong>3.1 If you refuse cookies<\/strong><\/h4>\n<p><!-- \/wp:heading --><\/p>\n<p><!-- wp:paragraph --><\/p>\n<p>When you refuse cookies, we nevertheless install a \u201copt-out\u201d cookie. This cookie allows us to remember your choice, so as to avoid asking you on each visit whether you wish to accept or decline cookies.<\/p><p><br><\/p>\n<p><!-- \/wp:paragraph --><\/p>\n<p><!-- wp:heading {\"level\":4} --><\/p>\n<h4><strong>3.2 If you refuse cookies<\/strong><\/h4>\n<p><!-- \/wp:heading --><\/p>\n<p><!-- wp:paragraph --><\/p>\n<p>The configuration of cookie management depends on each browser and is present in your browser's help menu.<\/p><p><br><em><strong>In Internet Explorer<\/strong><\/em><\/p>\n<p><!-- \/wp:paragraph --><\/p>\n<p><!-- wp:paragraph --><\/p>\n<p class=\" translation-block\"><em>To customize cookie settings for a web page<br>In Internet Explorer, click the Tools button, then Internet Options.<br>Click the Privacy tab, then Sites.<br>In the Address space of the website, enter the full address (URL) of the webpage whose privacy settings you want to customize.<br>For example, http:\/\/www.microsoft.com.<br>To allow the registration of cookies from the specified webpage on your computer, click Allow. To prohibit the registration of cookies from the specified web page on your computer, click Block.<br>Repeat steps 3 and 4 for each web page you want to block or allow. When finished, click OK twice.<\/em><\/p><p><em><br><\/em><\/p>\n<p><!-- \/wp:paragraph --><\/p>\n<p><!-- wp:paragraph --><\/p>\n<p class=\" translation-block\"><em><strong>In Safari<\/strong><\/em><em><br>Go to Preferences, click on the Privacy panel and then Manage Cookies<\/em><\/p><p><em><br><\/em><\/p>\n<p><!-- \/wp:paragraph --><\/p>\n<p><!-- wp:paragraph --><\/p>\n<p class=\" translation-block\"><em><strong>In Chrome<\/strong><\/em><em><br>Click on the Chrome menu located in the browser toolbar.<br>Select Settings.<br>Click on Show Settings <br>In the \u201cPrivacy\u201d section, click on the Content Settings button.<br>In the \u201cCookies\u201d section you can modify the following settings:<br>\u2013 Delete cookies<br>\u2013 Block cookies by default<br>\u2013 Allow cookies by default<br>\u2013 Make exceptions for cookies from specific websites or domains.<\/em><\/p><p><em><br><\/em><\/p>\n<p><!-- \/wp:paragraph --><\/p>\n<p><!-- wp:paragraph --><\/p>\n<p class=\" translation-block\"><em><strong>In Firefox<\/strong><\/em><em><br>Click the Tools button and then Options.<br>Click the Privacy tab.<br>In History, select \u201cUse custom settings to the history.\u201d.<br>Check the box \u201caccept cookies\u201d and click on exceptions to choose the websites that will or will not have permission to install cookies on your terminal.<\/em><\/p><p><em><br><\/em><\/p>\n<p><!-- \/wp:paragraph --><\/p>\n<p><!-- wp:paragraph --><\/p>\n<p class=\" translation-block\"><em><strong>In Opera<\/strong><\/em><em><br>Preferences &gt; Advanced&gt; Cookies<\/em><br><em>Cookie preferences allow you to control how Opera manage cookies. The default setting is to accept all cookies.<br>Accept cookies<br>\u2013 All cookies are accepted (by default)<br>Accept cookies only from the site I visit<br>\u2013 Third party cookies, from a domain outside the one you are visiting, will be refused<br>Never accept cookies<br><\/em><em>\u2013 All cookies will be refused<\/em><\/p><p><em><br><\/em><\/p>\n<p><!-- \/wp:paragraph --><\/p>\n<p><!-- wp:paragraph --><\/p>\n<p><strong><br><\/strong><h2><strong>4 - Update of the Legal Notice<\/strong><\/h2><\/p>\n<p><!-- \/wp:paragraph --><\/p>\n<p><!-- wp:paragraph --><\/p>\n<p>GRUPO ELITE reserves the right to make any changes or corrections to this cookie notification. Please check this page regularly to review the information and check for updates.<br><br><\/p><p><br><\/p>\n<p><!-- \/wp:paragraph --><\/p>\n<p><!-- wp:paragraph --><\/p>\n<p><strong>This notice was last updated on December 7, 2022<\/strong><\/p>\n<p><!-- \/wp:paragraph --><\/p>\t\t\t\t\t\t<\/div>\n\t\t\t\t<\/div>\n\t\t\t\t\t<\/div>\n\t\t<\/div>\n\t\t\t\t\t\t\t<\/div>\n\t\t<\/section>\n\t\t\t\t\t\t\t<\/div>","protected":false},"excerpt":{"rendered":"<p>Este website utiliza cookies para melhorar o seu servi\u00e7o. 1 &#8211; O que s\u00e3o cookies? Os cookies s\u00e3o pequenos ficheiros de texto que um [&hellip;]<\/p>","protected":false},"author":1,"featured_media":0,"parent":0,"menu_order":14,"comment_status":"closed","ping_status":"closed","template":"","meta":{"footnotes":""},"class_list":["post-1868","page","type-page","status-publish","hentry"],"acf":{"full_width":true,"header_transparent":false},"aioseo_notices":[],"_links":{"self":[{"href":"https:\/\/grupoelite.pt\/en\/wp-json\/wp\/v2\/pages\/1868","targetHints":{"allow":["GET"]}}],"collection":[{"href":"https:\/\/grupoelite.pt\/en\/wp-json\/wp\/v2\/pages"}],"about":[{"href":"https:\/\/grupoelite.pt\/en\/wp-json\/wp\/v2\/types\/page"}],"author":[{"embeddable":true,"href":"https:\/\/grupoelite.pt\/en\/wp-json\/wp\/v2\/users\/1"}],"replies":[{"embeddable":true,"href":"https:\/\/grupoelite.pt\/en\/wp-json\/wp\/v2\/comments?post=1868"}],"version-history":[{"count":8,"href":"https:\/\/grupoelite.pt\/en\/wp-json\/wp\/v2\/pages\/1868\/revisions"}],"predecessor-version":[{"id":3223,"href":"https:\/\/grupoelite.pt\/en\/wp-json\/wp\/v2\/pages\/1868\/revisions\/3223"}],"wp:attachment":[{"href":"https:\/\/grupoelite.pt\/en\/wp-json\/wp\/v2\/media?parent=1868"}],"curies":[{"name":"wp","href":"https:\/\/api.w.org\/{rel}","templated":true}]}}