{"id":244,"date":"2022-05-24T08:14:53","date_gmt":"2022-05-24T08:14:53","guid":{"rendered":"https:\/\/theme.madsparrow.me\/nicex\/?page_id=244"},"modified":"2022-12-08T02:13:33","modified_gmt":"2022-12-08T02:13:33","slug":"contact","status":"publish","type":"page","link":"https:\/\/grupoelite.pt\/en\/contact\/","title":{"rendered":"CONTACTS"},"content":{"rendered":"<div data-elementor-type=\"wp-page\" data-elementor-id=\"244\" class=\"elementor elementor-244\">\n\t\t\t\t\t\t\t\t\t<section class=\"elementor-section elementor-top-section elementor-element elementor-element-4711a21 elementor-section-boxed elementor-section-height-default elementor-section-height-default\" data-id=\"4711a21\" data-element_type=\"section\" data-settings=\"{&quot;animation_tablet&quot;:&quot;fadeInUp&quot;,&quot;_ha_eqh_enable&quot;:false}\">\n\t\t\t\t\t\t<div class=\"elementor-container elementor-column-gap-extended\">\n\t\t\t\t\t<div class=\"elementor-column elementor-col-100 elementor-top-column elementor-element elementor-element-3247c6e\" data-id=\"3247c6e\" data-element_type=\"column\">\n\t\t\t<div class=\"elementor-widget-wrap elementor-element-populated\">\n\t\t\t\t\t\t\t\t<div class=\"elementor-element elementor-element-50e9ec3 elementor-widget elementor-widget-heading\" data-id=\"50e9ec3\" data-element_type=\"widget\" data-widget_type=\"heading.default\">\n\t\t\t\t<div class=\"elementor-widget-container\">\n\t\t\t<style>\/*! elementor - v3.9.0 - 06-12-2022 *\/\n.elementor-heading-title{padding:0;margin:0;line-height:1}.elementor-widget-heading .elementor-heading-title[class*=elementor-size-]>a{color:inherit;font-size:inherit;line-height:inherit}.elementor-widget-heading .elementor-heading-title.elementor-size-small{font-size:15px}.elementor-widget-heading .elementor-heading-title.elementor-size-medium{font-size:19px}.elementor-widget-heading .elementor-heading-title.elementor-size-large{font-size:29px}.elementor-widget-heading .elementor-heading-title.elementor-size-xl{font-size:39px}.elementor-widget-heading .elementor-heading-title.elementor-size-xxl{font-size:59px}<\/style><h1 class=\"elementor-heading-title elementor-size-default\">Contact us<\/h1>\t\t<\/div>\n\t\t\t\t<\/div>\n\t\t\t\t<div class=\"elementor-element elementor-element-a87a0ca elementor-widget elementor-widget-heading\" data-id=\"a87a0ca\" data-element_type=\"widget\" data-widget_type=\"heading.default\">\n\t\t\t\t<div class=\"elementor-widget-container\">\n\t\t\t<h2 class=\"elementor-heading-title elementor-size-default\">Ponta Delgada, S\u00e3o Miguel - A\u00e7ores<\/h2>\t\t<\/div>\n\t\t\t\t<\/div>\n\t\t\t\t\t<\/div>\n\t\t<\/div>\n\t\t\t\t\t\t\t<\/div>\n\t\t<\/section>\n\t\t\t\t<section class=\"elementor-section elementor-top-section elementor-element elementor-element-f7f57d4 elementor-section-full_width elementor-section-height-default elementor-section-height-default\" data-id=\"f7f57d4\" data-element_type=\"section\" data-settings=\"{&quot;_ha_eqh_enable&quot;:false}\">\n\t\t\t\t\t\t<div class=\"elementor-container elementor-column-gap-no\">\n\t\t\t\t\t<div class=\"elementor-column elementor-col-50 elementor-top-column elementor-element elementor-element-3f0fa33\" data-id=\"3f0fa33\" data-element_type=\"column\" data-settings=\"{&quot;animation_tablet&quot;:&quot;fadeInUp&quot;}\">\n\t\t\t<div class=\"elementor-widget-wrap elementor-element-populated\">\n\t\t\t\t\t\t\t\t<div class=\"elementor-element elementor-element-8b76bce elementor-widget elementor-widget-image\" data-id=\"8b76bce\" data-element_type=\"widget\" data-widget_type=\"image.default\">\n\t\t\t\t<div class=\"elementor-widget-container\">\n\t\t\t<style>\/*! elementor - v3.9.0 - 06-12-2022 *\/\n.elementor-widget-image{text-align:center}.elementor-widget-image a{display:inline-block}.elementor-widget-image a img[src$=\".svg\"]{width:48px}.elementor-widget-image img{vertical-align:middle;display:inline-block}<\/style>\t\t\t\t\t\t\t\t\t\t\t\t<img loading=\"lazy\" decoding=\"async\" width=\"300\" height=\"250\" src=\"https:\/\/grupoelite.pt\/wp-content\/uploads\/2022\/10\/LOGO-ELITE-CLUB-BRANCO-300x250.png\" class=\"attachment-medium size-medium wp-image-1999\" alt=\"\" srcset=\"https:\/\/grupoelite.pt\/wp-content\/uploads\/2022\/10\/LOGO-ELITE-CLUB-BRANCO-300x250.png 300w, https:\/\/grupoelite.pt\/wp-content\/uploads\/2022\/10\/LOGO-ELITE-CLUB-BRANCO-600x499.png 600w, https:\/\/grupoelite.pt\/wp-content\/uploads\/2022\/10\/LOGO-ELITE-CLUB-BRANCO-1024x852.png 1024w, https:\/\/grupoelite.pt\/wp-content\/uploads\/2022\/10\/LOGO-ELITE-CLUB-BRANCO-768x639.png 768w, https:\/\/grupoelite.pt\/wp-content\/uploads\/2022\/10\/LOGO-ELITE-CLUB-BRANCO-1536x1278.png 1536w, https:\/\/grupoelite.pt\/wp-content\/uploads\/2022\/10\/LOGO-ELITE-CLUB-BRANCO-2048x1703.png 2048w, https:\/\/grupoelite.pt\/wp-content\/uploads\/2022\/10\/LOGO-ELITE-CLUB-BRANCO-322x268.png 322w, https:\/\/grupoelite.pt\/wp-content\/uploads\/2022\/10\/LOGO-ELITE-CLUB-BRANCO-1120x932.png 1120w\" sizes=\"auto, (max-width: 300px) 100vw, 300px\" \/>\t\t\t\t\t\t\t\t\t\t\t\t\t\t\t<\/div>\n\t\t\t\t<\/div>\n\t\t\t\t<div class=\"elementor-element elementor-element-4936316 elementor-widget elementor-widget-text-editor\" data-id=\"4936316\" data-element_type=\"widget\" data-widget_type=\"text-editor.default\">\n\t\t\t\t<div class=\"elementor-widget-container\">\n\t\t\t<style>\/*! elementor - v3.9.0 - 06-12-2022 *\/\n.elementor-widget-text-editor.elementor-drop-cap-view-stacked .elementor-drop-cap{background-color:#818a91;color:#fff}.elementor-widget-text-editor.elementor-drop-cap-view-framed .elementor-drop-cap{color:#818a91;border:3px solid;background-color:transparent}.elementor-widget-text-editor:not(.elementor-drop-cap-view-default) .elementor-drop-cap{margin-top:8px}.elementor-widget-text-editor:not(.elementor-drop-cap-view-default) .elementor-drop-cap-letter{width:1em;height:1em}.elementor-widget-text-editor .elementor-drop-cap{float:left;text-align:center;line-height:1;font-size:50px}.elementor-widget-text-editor .elementor-drop-cap-letter{display:inline-block}<\/style>\t\t\t\t<p><em>Largo de S\u00e3o Jo\u00e3o n2,&nbsp;<\/em><\/p><p><em>9500-106&nbsp;<\/em><em style=\"background-color: var(--color-bg); color: var(--color-contrast-higher);\">Ponta Delgada<\/em><\/p>\t\t\t\t\t\t<\/div>\n\t\t\t\t<\/div>\n\t\t\t\t<div class=\"elementor-element elementor-element-5aeb8c6 elementor-align-center elementor-widget elementor-widget-button\" data-id=\"5aeb8c6\" data-element_type=\"widget\" data-widget_type=\"button.default\">\n\t\t\t\t<div class=\"elementor-widget-container\">\n\t\t\t\t\t<div class=\"elementor-button-wrapper\">\n\t\t\t<a href=\"https:\/\/www.google.com\/maps\/place\/Elite+Club\/@37.7411093,-25.6677016,19z\/data=!4m13!1m7!3m6!1s0xb432aca057c7495:0x6843b90f612cf6a1!2sR.+Manuel+In%C3%A1cio+Correia+64,+9500-018+Ponta+Delgada!3b1!8m2!3d37.7415017!4d-25.6680744!3m4!1s0xb432b5de5de9443:0xcea8a1e6066aacbf!8m2!3d37.741741!4d-25.6655158\" target=\"_blank\" class=\"elementor-button-link elementor-button elementor-size-sm elementor-animation-grow\" role=\"button\">\n\t\t\t\t\t\t<span class=\"elementor-button-content-wrapper\">\n\t\t\t\t\t\t\t<span class=\"elementor-button-icon elementor-align-icon-left\">\n\t\t\t\t<i aria-hidden=\"true\" class=\"icon icon-map-marker1\"><\/i>\t\t\t<\/span>\n\t\t\t\t\t\t<span class=\"elementor-button-text\">GET DIRECTIONS<\/span>\n\t\t<\/span>\n\t\t\t\t\t<\/a>\n\t\t<\/div>\n\t\t\t\t<\/div>\n\t\t\t\t<\/div>\n\t\t\t\t<div class=\"elementor-element elementor-element-0a6e689 elementor-widget elementor-widget-text-editor\" data-id=\"0a6e689\" data-element_type=\"widget\" data-widget_type=\"text-editor.default\">\n\t\t\t\t<div class=\"elementor-widget-container\">\n\t\t\t\t\t\t\t<span style=\"background-color: var(--color-bg);\">eliteclubazores@gmail.com<\/span>\n<p dir=\"ltr\"><\/p>\t\t\t\t\t\t<\/div>\n\t\t\t\t<\/div>\n\t\t\t\t<div class=\"elementor-element elementor-element-a2f6a57 elementor-widget elementor-widget-ms-social-icons\" data-id=\"a2f6a57\" data-element_type=\"widget\" data-widget_type=\"ms-social-icons.default\">\n\t\t\t\t<div class=\"elementor-widget-container\">\n\t\t\t        <div class=\"ms-s-w\">\n                    <a class=\"ms-s-i mono s-icon\" href=\"https:\/\/www.facebook.com\/eliteclubacores\/\" target=\"_blank\"><i class=\"socicon-facebook\"><\/i><\/a>\n                    <a class=\"ms-s-i mono s-icon\" href=\"https:\/\/www.instagram.com\/eliteclubazores\" target=\"_blank\"><i class=\"socicon-instagram\"><\/i><\/a>\n                <\/div>\n    \t\t<\/div>\n\t\t\t\t<\/div>\n\t\t\t\t<div class=\"elementor-element elementor-element-5a147d3 elementor-widget elementor-widget-google_maps\" data-id=\"5a147d3\" data-element_type=\"widget\" data-widget_type=\"google_maps.default\">\n\t\t\t\t<div class=\"elementor-widget-container\">\n\t\t\t<style>\/*! elementor - v3.9.0 - 06-12-2022 *\/\n.elementor-widget-google_maps .elementor-widget-container{overflow:hidden}.elementor-widget-google_maps iframe{height:300px}<\/style>\t\t<div class=\"elementor-custom-embed\">\n\t\t\t<iframe frameborder=\"0\" scrolling=\"no\" marginheight=\"0\" marginwidth=\"0\"\n\t\t\t\t\tsrc=\"https:\/\/maps.google.com\/maps?q=Elite%20club&#038;t=m&#038;z=13&#038;output=embed&#038;iwloc=near\"\n\t\t\t\t\ttitle=\"Elite club\"\n\t\t\t\t\taria-label=\"Elite club\"\n\t\t\t><\/iframe>\n\t\t<\/div>\n\t\t\t\t<\/div>\n\t\t\t\t<\/div>\n\t\t\t\t\t<\/div>\n\t\t<\/div>\n\t\t\t\t<div class=\"elementor-column elementor-col-50 elementor-top-column elementor-element elementor-element-2205eb9\" data-id=\"2205eb9\" data-element_type=\"column\" data-settings=\"{&quot;animation_tablet&quot;:&quot;fadeInUp&quot;}\">\n\t\t\t<div class=\"elementor-widget-wrap elementor-element-populated\">\n\t\t\t\t\t\t\t\t<div class=\"elementor-element elementor-element-faff586 elementor-widget elementor-widget-image\" data-id=\"faff586\" data-element_type=\"widget\" data-widget_type=\"image.default\">\n\t\t\t\t<div class=\"elementor-widget-container\">\n\t\t\t\t\t\t\t\t\t\t\t\t\t\t\t<img loading=\"lazy\" decoding=\"async\" width=\"300\" height=\"195\" src=\"https:\/\/grupoelite.pt\/wp-content\/uploads\/2022\/10\/logokarma-branco-300x195.png\" class=\"attachment-medium size-medium wp-image-2001\" alt=\"\" srcset=\"https:\/\/grupoelite.pt\/wp-content\/uploads\/2022\/10\/logokarma-branco-300x195.png 300w, https:\/\/grupoelite.pt\/wp-content\/uploads\/2022\/10\/logokarma-branco-600x390.png 600w, https:\/\/grupoelite.pt\/wp-content\/uploads\/2022\/10\/logokarma-branco-1024x665.png 1024w, https:\/\/grupoelite.pt\/wp-content\/uploads\/2022\/10\/logokarma-branco-768x499.png 768w, https:\/\/grupoelite.pt\/wp-content\/uploads\/2022\/10\/logokarma-branco-1536x998.png 1536w, https:\/\/grupoelite.pt\/wp-content\/uploads\/2022\/10\/logokarma-branco-2048x1330.png 2048w, https:\/\/grupoelite.pt\/wp-content\/uploads\/2022\/10\/logokarma-branco-400x260.png 400w, https:\/\/grupoelite.pt\/wp-content\/uploads\/2022\/10\/logokarma-branco-1120x727.png 1120w\" sizes=\"auto, (max-width: 300px) 100vw, 300px\" \/>\t\t\t\t\t\t\t\t\t\t\t\t\t\t\t<\/div>\n\t\t\t\t<\/div>\n\t\t\t\t<div class=\"elementor-element elementor-element-56c0bd3 elementor-widget elementor-widget-text-editor\" data-id=\"56c0bd3\" data-element_type=\"widget\" data-widget_type=\"text-editor.default\">\n\t\t\t\t<div class=\"elementor-widget-container\">\n\t\t\t\t\t\t\t<p><em style=\"background-color: var(--color-bg); color: var(--color-contrast-higher);\">Rua Manuel In\u00e1cio Correia n66,&nbsp;<\/em><\/p><p><em style=\"background-color: var(--color-bg); color: var(--color-contrast-higher);\">9500-087 Ponta Delgada<\/em><\/p>\t\t\t\t\t\t<\/div>\n\t\t\t\t<\/div>\n\t\t\t\t<div class=\"elementor-element elementor-element-c6d8b78 elementor-align-center elementor-widget elementor-widget-button\" data-id=\"c6d8b78\" data-element_type=\"widget\" data-widget_type=\"button.default\">\n\t\t\t\t<div class=\"elementor-widget-container\">\n\t\t\t\t\t<div class=\"elementor-button-wrapper\">\n\t\t\t<a href=\"https:\/\/www.google.com\/maps\/place\/Karma+Priv%C3%A9\/@37.7406617,-25.6686736,19z\/data=!4m13!1m7!3m6!1s0xb432aca0892c711:0xbd60a1c5ba6aea9c!2sR.+Manuel+In%C3%A1cio+Correia,+9500-087+Ponta+Delgada!3b1!8m2!3d37.7406483!4d-25.6679438!3m4!1s0xb432b8843a0b2a3:0x64932ccc6338aa3e!8m2!3d37.7414979!4d-25.6680054\" target=\"_blank\" class=\"elementor-button-link elementor-button elementor-size-sm elementor-animation-grow\" role=\"button\">\n\t\t\t\t\t\t<span class=\"elementor-button-content-wrapper\">\n\t\t\t\t\t\t\t<span class=\"elementor-button-icon elementor-align-icon-left\">\n\t\t\t\t<i aria-hidden=\"true\" class=\"icon icon-map-marker1\"><\/i>\t\t\t<\/span>\n\t\t\t\t\t\t<span class=\"elementor-button-text\">GET DIRECTIONS<\/span>\n\t\t<\/span>\n\t\t\t\t\t<\/a>\n\t\t<\/div>\n\t\t\t\t<\/div>\n\t\t\t\t<\/div>\n\t\t\t\t<div class=\"elementor-element elementor-element-556af7f elementor-widget elementor-widget-text-editor\" data-id=\"556af7f\" data-element_type=\"widget\" data-widget_type=\"text-editor.default\">\n\t\t\t\t<div class=\"elementor-widget-container\">\n\t\t\t\t\t\t\t<span style=\"background-color: var(--color-bg);\">karmaprive@gmail.com<\/span>\n<p dir=\"ltr\"><\/p>\t\t\t\t\t\t<\/div>\n\t\t\t\t<\/div>\n\t\t\t\t<div class=\"elementor-element elementor-element-b8f1177 elementor-widget elementor-widget-ms-social-icons\" data-id=\"b8f1177\" data-element_type=\"widget\" data-widget_type=\"ms-social-icons.default\">\n\t\t\t\t<div class=\"elementor-widget-container\">\n\t\t\t        <div class=\"ms-s-w\">\n                    <a class=\"ms-s-i mono s-icon\" href=\"https:\/\/www.facebook.com\/karmaprive\/\" target=\"_blank\"><i class=\"socicon-facebook\"><\/i><\/a>\n                    <a class=\"ms-s-i mono s-icon\" href=\"https:\/\/www.instagram.com\/karmaprive\/\" target=\"_blank\"><i class=\"socicon-instagram\"><\/i><\/a>\n                <\/div>\n    \t\t<\/div>\n\t\t\t\t<\/div>\n\t\t\t\t<div class=\"elementor-element elementor-element-927c325 elementor-widget elementor-widget-google_maps\" data-id=\"927c325\" data-element_type=\"widget\" data-widget_type=\"google_maps.default\">\n\t\t\t\t<div class=\"elementor-widget-container\">\n\t\t\t\t\t<div class=\"elementor-custom-embed\">\n\t\t\t<iframe frameborder=\"0\" scrolling=\"no\" marginheight=\"0\" marginwidth=\"0\"\n\t\t\t\t\tsrc=\"https:\/\/maps.google.com\/maps?q=Karma&#038;t=m&#038;z=13&#038;output=embed&#038;iwloc=near\"\n\t\t\t\t\ttitle=\"Karma\"\n\t\t\t\t\taria-label=\"Karma\"\n\t\t\t><\/iframe>\n\t\t<\/div>\n\t\t\t\t<\/div>\n\t\t\t\t<\/div>\n\t\t\t\t\t<\/div>\n\t\t<\/div>\n\t\t\t\t\t\t\t<\/div>\n\t\t<\/section>\n\t\t\t\t\t\t\t<\/div>","protected":false},"excerpt":{"rendered":"<p>Contacte-nos Ponta Delgada, S\u00e3o Miguel &#8211; A\u00e7ores Largo de S\u00e3o Jo\u00e3o n2,&nbsp; 9500-106&nbsp;Ponta Delgada OBTER DIRE\u00c7\u00d5ES GPS eliteclubazores@gmail.com Rua Manuel In\u00e1cio Correia n66,&nbsp; 9500-087 [&hellip;]<\/p>","protected":false},"author":1,"featured_media":0,"parent":0,"menu_order":4,"comment_status":"closed","ping_status":"closed","template":"page-custom.php","meta":{"footnotes":""},"class_list":["post-244","page","type-page","status-publish","hentry"],"acf":{"full_width":false,"header_transparent":true},"aioseo_notices":[],"_links":{"self":[{"href":"https:\/\/grupoelite.pt\/en\/wp-json\/wp\/v2\/pages\/244","targetHints":{"allow":["GET"]}}],"collection":[{"href":"https:\/\/grupoelite.pt\/en\/wp-json\/wp\/v2\/pages"}],"about":[{"href":"https:\/\/grupoelite.pt\/en\/wp-json\/wp\/v2\/types\/page"}],"author":[{"embeddable":true,"href":"https:\/\/grupoelite.pt\/en\/wp-json\/wp\/v2\/users\/1"}],"replies":[{"embeddable":true,"href":"https:\/\/grupoelite.pt\/en\/wp-json\/wp\/v2\/comments?post=244"}],"version-history":[{"count":33,"href":"https:\/\/grupoelite.pt\/en\/wp-json\/wp\/v2\/pages\/244\/revisions"}],"predecessor-version":[{"id":3143,"href":"https:\/\/grupoelite.pt\/en\/wp-json\/wp\/v2\/pages\/244\/revisions\/3143"}],"wp:attachment":[{"href":"https:\/\/grupoelite.pt\/en\/wp-json\/wp\/v2\/media?parent=244"}],"curies":[{"name":"wp","href":"https:\/\/api.w.org\/{rel}","templated":true}]}}