{"id":2830,"date":"2022-11-18T15:14:24","date_gmt":"2022-11-18T15:14:24","guid":{"rendered":"https:\/\/grupoelite.pt\/?page_id=2830"},"modified":"2022-12-08T04:55:49","modified_gmt":"2022-12-08T04:55:49","slug":"terms","status":"publish","type":"page","link":"https:\/\/grupoelite.pt\/en\/terms\/","title":{"rendered":"Terms &amp; Conditions"},"content":{"rendered":"<div data-elementor-type=\"wp-page\" data-elementor-id=\"2830\" class=\"elementor elementor-2830\">\n\t\t\t\t\t\t\t\t\t<section class=\"elementor-section elementor-top-section elementor-element elementor-element-7cbe4a1 elementor-section-boxed elementor-section-height-default elementor-section-height-default\" data-id=\"7cbe4a1\" data-element_type=\"section\" data-settings=\"{&quot;_ha_eqh_enable&quot;:false}\">\n\t\t\t\t\t\t<div class=\"elementor-container elementor-column-gap-default\">\n\t\t\t\t\t<div class=\"elementor-column elementor-col-100 elementor-top-column elementor-element elementor-element-c1a11b6\" data-id=\"c1a11b6\" data-element_type=\"column\">\n\t\t\t<div class=\"elementor-widget-wrap elementor-element-populated\">\n\t\t\t\t\t\t\t\t<div class=\"elementor-element elementor-element-55c074a elementor-widget__width-auto elementor-widget elementor-widget-button\" data-id=\"55c074a\" data-element_type=\"widget\" data-widget_type=\"button.default\">\n\t\t\t\t<div class=\"elementor-widget-container\">\n\t\t\t\t\t<div class=\"elementor-button-wrapper\">\n\t\t\t<a href=\"#areavip\" class=\"elementor-button-link elementor-button elementor-size-sm\" role=\"button\">\n\t\t\t\t\t\t<span class=\"elementor-button-content-wrapper\">\n\t\t\t\t\t\t\t<span class=\"elementor-button-icon elementor-align-icon-left\">\n\t\t\t\t<i aria-hidden=\"true\" class=\"hm hm-wine-glass2\"><\/i>\t\t\t<\/span>\n\t\t\t\t\t\t<span class=\"elementor-button-text\">VIP AREA<\/span>\n\t\t<\/span>\n\t\t\t\t\t<\/a>\n\t\t<\/div>\n\t\t\t\t<\/div>\n\t\t\t\t<\/div>\n\t\t\t\t<div class=\"elementor-element elementor-element-73cf048 elementor-widget__width-auto elementor-widget elementor-widget-button\" data-id=\"73cf048\" data-element_type=\"widget\" data-widget_type=\"button.default\">\n\t\t\t\t<div class=\"elementor-widget-container\">\n\t\t\t\t\t<div class=\"elementor-button-wrapper\">\n\t\t\t<a href=\"#estabelecimentos\" class=\"elementor-button-link elementor-button elementor-size-sm\" role=\"button\">\n\t\t\t\t\t\t<span class=\"elementor-button-content-wrapper\">\n\t\t\t\t\t\t\t<span class=\"elementor-button-icon elementor-align-icon-left\">\n\t\t\t\t<i aria-hidden=\"true\" class=\"icon icon-apartment1\"><\/i>\t\t\t<\/span>\n\t\t\t\t\t\t<span class=\"elementor-button-text\">NIGHTCLUBS<\/span>\n\t\t<\/span>\n\t\t\t\t\t<\/a>\n\t\t<\/div>\n\t\t\t\t<\/div>\n\t\t\t\t<\/div>\n\t\t\t\t\t<\/div>\n\t\t<\/div>\n\t\t\t\t\t\t\t<\/div>\n\t\t<\/section>\n\t\t\t\t<section class=\"elementor-section elementor-top-section elementor-element elementor-element-529a6e6c elementor-section-boxed elementor-section-height-default elementor-section-height-default\" data-id=\"529a6e6c\" data-element_type=\"section\" data-settings=\"{&quot;_ha_eqh_enable&quot;:false}\">\n\t\t\t\t\t\t<div class=\"elementor-container elementor-column-gap-default\">\n\t\t\t\t\t<div class=\"elementor-column elementor-col-100 elementor-top-column elementor-element elementor-element-4ee00fc9\" data-id=\"4ee00fc9\" data-element_type=\"column\">\n\t\t\t<div class=\"elementor-widget-wrap elementor-element-populated\">\n\t\t\t\t\t\t\t\t<div class=\"elementor-element elementor-element-7fe7983 elementor-widget elementor-widget-heading\" data-id=\"7fe7983\" data-element_type=\"widget\" id=\"areavip\" data-widget_type=\"heading.default\">\n\t\t\t\t<div class=\"elementor-widget-container\">\n\t\t\t<style>\/*! elementor - v3.9.0 - 06-12-2022 *\/\n.elementor-heading-title{padding:0;margin:0;line-height:1}.elementor-widget-heading .elementor-heading-title[class*=elementor-size-]>a{color:inherit;font-size:inherit;line-height:inherit}.elementor-widget-heading .elementor-heading-title.elementor-size-small{font-size:15px}.elementor-widget-heading .elementor-heading-title.elementor-size-medium{font-size:19px}.elementor-widget-heading .elementor-heading-title.elementor-size-large{font-size:29px}.elementor-widget-heading .elementor-heading-title.elementor-size-xl{font-size:39px}.elementor-widget-heading .elementor-heading-title.elementor-size-xxl{font-size:59px}<\/style><h2 class=\"elementor-heading-title elementor-size-default\">VIP AREA<\/h2>\t\t<\/div>\n\t\t\t\t<\/div>\n\t\t\t\t<div class=\"elementor-element elementor-element-20412fa1 elementor-widget elementor-widget-text-editor\" data-id=\"20412fa1\" data-element_type=\"widget\" data-widget_type=\"text-editor.default\">\n\t\t\t\t<div class=\"elementor-widget-container\">\n\t\t\t<style>\/*! elementor - v3.9.0 - 06-12-2022 *\/\n.elementor-widget-text-editor.elementor-drop-cap-view-stacked .elementor-drop-cap{background-color:#818a91;color:#fff}.elementor-widget-text-editor.elementor-drop-cap-view-framed .elementor-drop-cap{color:#818a91;border:3px solid;background-color:transparent}.elementor-widget-text-editor:not(.elementor-drop-cap-view-default) .elementor-drop-cap{margin-top:8px}.elementor-widget-text-editor:not(.elementor-drop-cap-view-default) .elementor-drop-cap-letter{width:1em;height:1em}.elementor-widget-text-editor .elementor-drop-cap{float:left;text-align:center;line-height:1;font-size:50px}.elementor-widget-text-editor .elementor-drop-cap-letter{display:inline-block}<\/style>\t\t\t\t<h2><b>1 - Purpose<\/b><\/h2>\n<p>These Terms &amp; Conditions (together with the Privacy and Cookies Policy) establish the conditions that determine the use of this website and regulate the conditions of the process of purchasing products from it, being accessible at all times on the website, according to existing stock.<\/p>\n<p>GRUPO ELITE invites you to carefully read the content of the agreements mentioned above before using either our website or the associated face-to-face services.<\/p>\n<p>&nbsp;<\/p>\n<p>To place an order on the website, you must be at least 18 (eighteen) years old, or, if you are a minor, authorization from your parents or legal representatives to contract under the legal terms. By using this website or enjoying the services of GRUPO ELITE, you declare that you fulfill these conditions.<\/p>\n<p>These Terms &amp; Conditions can be changed at any time, and in this situation, we will publish an updated version on the website. The use of the website, as well as the placing of any order, after GRUPO ELITE has published the new version of the Terms &amp; Conditions, will be subject to the version of the Terms &amp; Conditions in force.<\/p>\n<p>&nbsp;<\/p>\n<p class=\" translation-block\">The following Terms &amp; Conditions govern the sale of the products presented on the website by the entity:<br>\u2013 Panorama Surpresa \u2013 Restaura\u00e7\u00e3o, Unipessoal, Lda<br>\u2013\u00a0<b>Headquarters<\/b>: Largo de S\u00e3o Jo\u00e3o n2, 9500-106 Ponta Delgada, S\u00e3o Miguel \u2013 Azores<br>\u2013\u00a0<b>NIF<\/b>: 510566189<br>\u2013\u00a0<b>E-mail address<\/b>: eliteclubazores@gmail.com<br>\u2013\u00a0<b>Website<\/b>: https:\/\/www.grupoelite.pt<\/p>\n<p>&nbsp;<\/p>\n<p>When using the website, you must ensure that the mandatory information provided is correct and complete. We request that you inform GRUPO ELITE about changes in your identification data, namely, postal address, email address, and other contact data, updating, without delay, your personal elements on the website.<\/p>\n<p>&nbsp;<\/p>\n<p>The website allows you to make a purchase through the \u201cBuy as a Guest\u201d feature, and it is not necessary to register for this purpose. In any case, you must ensure that the mandatory information provided is correct and complete. Only the personal data strictly necessary to carry out your request are requested, which will only be used for this purpose.<\/p>\n<p>&nbsp;<\/p>\n<p>When using the website, you undertake not to place false or fraudulent orders, and GRUPO ELITE, if it considers that an order of this nature has been placed, may proceed with its cancellation and inform the competent authorities.<\/p>\n<p>&nbsp;<\/p>\n<p>&nbsp;<\/p>\n<div>\n<h2><b>2 \u2013 Purchase procedure<\/b><\/h2>\n<p>To order one or more products available on the website, you must comply with the following procedures:<\/p>\n<p>Choose the establishment in the VIP Area of \u200b\u200bthe website;<\/p>\n<p>Add bottle, date and number of people (PAX);<\/p>\n<p>Add to cart\";<\/p>\n<p>Afterwards, click on \u201cBuy\u201d;<\/p>\n<p>&nbsp;<\/p>\n<p>You may proceed with the Purchase as a Guest (\u201cPurchase as a Guest\u201d)<\/p>\n<p>&nbsp;<\/p>\n<p class=\" translation-block\">Then fill in the form with the following information:<br>\u2013 Name and surname;<\/p>\n<p>\u2013 Address and district;<\/p>\n<p>- Phone number;<\/p>\n<p>- Email address;<\/p>\n<p>\u2013 Billing address;<\/p>\n<p>\u2013 NIF.<\/p>\n<p>&nbsp;<\/p>\n<p>Once the form has been completed with all the information mentioned above, you must select the Delivery Method of the product, in accordance with the provisions in Point 4 below. Then, you must choose one of the available Payment Methods (see Point 3 below). Finally, click on \u201cConfirm Payment\u201d<\/p>\n<p>&nbsp;<\/p>\n<p>In order to \u201cConfirm Payment\u201d, you must previously accept these Terms &amp; Conditions.<\/p>\n<p>Once the order has been completed, GRUPO ELITE will send you an \u201cOrder Confirmation\u201d email. This email is a mere automated receipt, which means that we have received your order and in which information is sent about the order number and date, delivery and payment method, delivery and billing address, price of product, value of shipping costs, product identification and its basic characteristics.<\/p>\n<p>&nbsp;<\/p>\n<p>Always make sure you review your purchase before clicking on \u201cConfirm Payment\u201d. Before clicking on \u201cConfirm Payment\u201d, you have the possibility to edit all the information you have entered, such as the shipping or billing address, payment information, or to add, change or remove products in the \u201cCart\u201d.<\/p>\n<p>&nbsp;<\/p>\n<p>The purchase invoice may be sent to you via the email address that was associated with your order or requested at the establishment.<\/p>\n<p>&nbsp;<\/p>\n<p>&nbsp;<\/p>\n<h2><b>3 - Payments<\/b><\/h2>\n<p>Payments can be made via Paypal and Bank Transfer.<\/p>\n<p>All orders are processed in the local currency of the respective country of purchase. If your bank account is in another currency, the exchange rate used to debit your account will be automatically determined by the Bank and not by GRUPO ELITE.<\/p>\n<p>&nbsp;<\/p>\n<p>Payment options:<\/p>\n<p><span style=\"font-family: 'Open Sans'; font-size: 16px; font-style: normal; font-variant-ligatures: normal; font-variant-caps: normal; font-weight: 400;\">Paypal&nbsp;<\/span><\/p>\n<p>Bank transfer<\/p>\n<p>&nbsp;<\/p>\n<p>&nbsp;<\/p>\n<h2><b>4 - Prices<\/b><\/h2>\n<p>The prices paid for the products you order are those displayed on this website, on the date the order is placed, including VAT at the legal rate of the headquarters of GRUPO ELITE in force, but excluding shipping costs that will add to the value of the order placed.<\/p>\n<p>&nbsp;<\/p>\n<p>Prices are shown in Euros. If payment for the order is made with a card whose currency is not Euros, the equivalent exchange rate will be made at rates in force according to the bank of the card in question. Fees associated with the exchange and\/or processing of international payments are the responsibility of the customer.<\/p>\n<p>&nbsp;<\/p>\n<p>Shipping costs will be debited according to the values \u200b\u200bindicated on the website, calculated in particular according to the selected shipping method.<\/p>\n<p>&nbsp;<\/p>\n<p>You will always be informed, in a clear and concise manner, prior to finalizing the order, about the total price of the product, which includes the price, all fees and taxes, additional transport charges, shipping costs or any other costs that may exist.<\/p>\n<p>&nbsp;<\/p>\n<p>GRUPO ELITE reserves the right to change product prices and shipping costs at any time, not affecting, however, orders for which the order has already been completed.<\/p>\n<p>&nbsp;<\/p>\n<p>&nbsp;<\/p>\n<\/div>\n<h2><b>5 \u2013 Stock Availability<\/b><\/h2>\n<p>All product orders will be subject to their availability. In this sense, if there is any difficulty regarding the supply of products or if there are no products in stock, GRUPO ELITE will inform you of the unavailability and give you the chance of replacing it with another bottle, or refund the amount eventually paid, within a maximum period of 30 (thirty) days.<\/p>\n<p><!-- \/wp:paragraph --><\/p>\t\t\t\t\t\t<\/div>\n\t\t\t\t<\/div>\n\t\t\t\t<div class=\"elementor-element elementor-element-1576fba elementor-widget elementor-widget-heading\" data-id=\"1576fba\" data-element_type=\"widget\" id=\"estabelecimentos\" data-widget_type=\"heading.default\">\n\t\t\t\t<div class=\"elementor-widget-container\">\n\t\t\t<h2 class=\"elementor-heading-title elementor-size-default\">NIGHTCLUBS<\/h2>\t\t<\/div>\n\t\t\t\t<\/div>\n\t\t\t\t<div class=\"elementor-element elementor-element-dd7d7b9 elementor-widget elementor-widget-text-editor\" data-id=\"dd7d7b9\" data-element_type=\"widget\" id=\"estabelecimentos\" data-widget_type=\"text-editor.default\">\n\t\t\t\t<div class=\"elementor-widget-container\">\n\t\t\t\t\t\t\t<p><!-- wp:paragraph --><\/p>\n<h2><b>1 - GENERAL INFORMATION<\/b><\/h2>\n<p class=\" translation-block\">1 \u2013 This establishment has a Complaints Book (DL n\u00ba156\/2005 of 15th\u00a0<span style=\"background-color: var(--color-bg);color: var(--color-contrast-higher)\">September );<\/span><\/p>\n<p class=\" translation-block\">2 \u2013 Children under 16 years old are not allowed to enter this establishment (DL n\u00ba 396\/82\u00a0<span style=\"background-color: var(--color-bg);color: var(--color-contrast-higher)\"> of September 21st);<\/span><\/p>\n<p class=\" translation-block\">3 \u2013 In this establishment, it is forbidden to sell alcohol to MINORS UNDER 18\u00a0<span style=\"background-color: var(--color-bg);color: var(--color-contrast-higher)\">according to Decree of Regional Legislative No. 10\/2018\/A of August 28;<\/span><\/p>\n<p class=\" translation-block\">4 \u2013 In this establishment, the entry of cold weapons, firearms,\u00a0<span style=\"background-color: var(--color-bg);color: var(--color-contrast-higher)\">weapons is prohibited throwing devices, toxic substances, pyrotechnic devices or explosives<\/span><\/p>\n<p>(Decree of Law n\u00ba 135\/2014, of September 8);<\/p><p><br><\/p><p><br><\/p>\n<p><\/p>\n<h2 class=\" translation-block\"><b>2 \u2013 PRIVATE RULES OF\u00a0<span style=\"background-color: var(--color-bg);color: var(--color-contrast-higher)\">OPERATION OF THE<\/span><span style=\"background-color: var(--color-bg);color: var(--color-contrast-higher)\">ESTABLISHMENT<br><\/span><\/b><\/h2>\n<p>(DL 234\/2007. Art\u00ba 14, n\u00ba2 al\u00ednea b)<\/p><p><br><\/p>\n<p class=\" translation-block\">1 \u2013 Ladies free drinks are served every hour and imply staying at the establishment for at least\u00a0<span style=\"background-color: var(--color-bg);color: var(-color-contrast -higher)\">45 minutes after each drink;<\/span><\/p><p><span style=\"background-color: var(--color-bg); color: var(--color-contrast-higher);\"><br><\/span><\/p>\n<p><\/p>\n<p>ENTRY MAY BE PROHIBITED TO:<\/p>\n<p>1 \u2013 Individuals who are not apparently in their normal state;<\/p>\n<p>2 \u2013 Individuals who refuse to pay the mandatory minimum consumption displayed at the entrance;<\/p>\n<p>3 \u2013 Individuals who cause or have caused disturbances and disturbed the normal functioning of the establishment;<\/p>\n<p>4 \u2013 Individuals who refuse to respect the private rules of the establishment.<\/p><p><br><\/p>\n<p>MAY BE EXCLUDED FROM INSIDE THE ESTABLISHMENT:<\/p>\n<p class=\" translation-block\"><b>1 \u2013 Individuals who have illicit and\u00a0misconduct:<\/b><\/p>\n<p>a) Who have violent behavior;<\/p>\n<p>b) That cause disturbances due to excess alcohol;<\/p>\n<p>c) Who practice acts of nudity;<\/p>\n<p>d) Who commit acts of attack on public indecency;<\/p>\n<p class=\" translation-block\">e) That cause disturbances that disturb the\u00a0normal operation of the establishment;<\/p><p><span style=\"background-color: var(--color-bg); color: var(--color-contrast-higher);\"><br><\/span><\/p>\n<p><\/p>\n<p class=\" translation-block\"><b>2 \u2013 Individuals who do not meet properly\u00a0 presented:<\/b><\/p>\n<p>a) That they are in a track suit;<\/p>\n<p>b) Who are wearing sports shorts;<\/p>\n<p>c) Who are wearing dirty or damaged clothes;<\/p>\n<p class=\" translation-block\">d) When, on exceptional occasions, you are asked to wear some clothing costume<\/span><\/p>\n<p>inappropriate.<\/p><p><br><\/p>\n<p class=\" translation-block\">THE USE OF CAPS, CAPS\u00a0AND HATS IS NOT PERMITTED.<\/p>\n<p class=\" translation-block\">NO KIND OF ADVERTISING IS PERMITTED WITHIN THIS ESTABLISHMENT WITHOUT MANAGEMENT AUTHORIZATION.<\/p>\n<p><span style=\"background-color: var(--color-bg); color: var(--color-contrast-higher);\">&nbsp;<\/span><\/p><p><span style=\"background-color: var(--color-bg); color: var(--color-contrast-higher);\"><br><\/span><\/p>\n<p><\/p>\n<h2><b>3 - ENTRY<\/b><\/h2>\n<p class=\" translation-block\">ENTRY INTO THIS ESTABLISHMENT IS FORBIDDEN TO PERSONS WHO REFUSE TO GO THROUGH THE EQUIPMENT FOR DETECTING HAZARDOUS OBJECTS OR FOR PROHIBITED USE.<br>(DECREE OF LAW N\u00ba 135\/2014 OF SEPTEMBER 08, ART\u00ba6 N\u00ba2)<\/p><p><br><\/p><p><br><\/p>\n<p><\/p>\n<h2><b>4 - MINIMUM CONSUMPTION<\/b><\/h2>\n<p><\/p>\n<div class=\" translation-block\">MINIMUM CONSUMPTION MANDATORY 500\u20ac<br><\/div><p><br><\/p><p><br><\/p>\n<p><\/p>\n<p><\/p>\n<h2><b>5 - DRINKS<\/b><\/h2>\n<p class=\" translation-block\">THE DRINKS DISPLAYED\u00a0<span style=\"background-color: var(--color-bg);color: var(--color-contrast-higher)\">ARE FOR CONSUMPTION IN<\/span><span style=\"color: var(--color-contrast-higher)\">ESTABLISHMENT<\/span><\/p><p><br><\/p>\n<p><\/p>\n<p><span style=\"background-color: var(--color-bg); color: var(--color-contrast-higher);\">&nbsp;<\/span><\/p>\n<h2><span style=\"background-color: var(--color-bg); color: var(--color-contrast-higher);\"><b>6 \u2013 PHOTOGRAPHY AND VIDEO<\/b><\/span><\/h2>\n<p class=\" translation-block\"><span style=\"background-color: var(--color-bg)\">PHOTOS AND VIDEOS CAN BE CAPTURED AT THIS ESTABLISHMENT<\/span><span style=\"background-color: var(--color-bg);color: var(--color-contrast-higher)\">FURTHER PROMOTION OF THE SAME.<\/span><\/p>\n<p class=\" translation-block\">BY ENTERING THE ESTABLISHMENT YOU ARE ACCEPTING OUR TERMS\u00a0<span style=\"background-color: var(--color-bg);color: var(--color-contrast-higher)\">AND CONDITIONS AND ASSIGNING THE RIGHT IMAGE FOR PROMOTION OF THE<\/span><span style=\"background-color: var(--color-bg);color: var(--color-contrast-higher)\"> Establishment.<\/span><\/p><p><span style=\"background-color: var(--color-bg); color: var(--color-contrast-higher);\"><br><\/span><\/p>\n<p class=\" translation-block\">IF YOU DON'T KNOW THIS INFORMATION, YOU MAY ASK MANAGEMENT TO\u00a0<span style=\"background-color: var(--color-bg);color: var(--color-contrast-higher)\">NOT USE YOUR IMAGE AND WE WILL REMOVE ALL YOUR IMAGE FROM THE PROMOTION<\/span><span style=\"background-color: var(--color-bg);color: var(--color-contrast-higher)\">FROM THE ESTABLISHMENT.<\/span><\/p>\n<p><\/p>\n<p><span style=\"background-color: var(--color-bg); color: var(--color-contrast-higher);\">&nbsp;<\/span><\/p><p><span style=\"background-color: var(--color-bg); color: var(--color-contrast-higher);\"><br><\/span><\/p>\n<h2><span style=\"background-color: var(--color-bg); color: var(--color-contrast-higher);\"><b>7 - SCHEDULE<\/b><\/span><\/h2>\n<p class=\" translation-block\"><span style=\"background-color: var(--color-bg)\">OPEN WEDNESDAY, FRIDAY, SATURDAY,<\/span><span style=\"background-color: var(--color- bg);color: var(--color-contrast-higher)\">SUNDAY AND HOLIDAY EVE<\/span><\/p>\n<p class=\" translation-block\">FROM 11:00 PM TO 8:00 AM<br>(DECREE OF LAW No. 10\/2015 OF JANUARY 16)<\/p><p><br><\/p><p><br><\/p>\n<p><\/p>\n<h2><b>8 &#8211; LADIES NIGHT<\/b><\/h2>\n<p><span style=\"background-color: var(--color-bg); color: var(--color-contrast-higher);\">\u00c1GUAS, SUMOS E CERVEJA, VODKA ELITE \/ VODKA DE SABOR&nbsp;<\/span><span style=\"background-color: var(--color-bg); color: var(--color-contrast-higher);\">ELITE, WHISKY ELITE \/ CREME DE WHISKY ELITE,&nbsp;<\/span><span style=\"background-color: var(--color-bg); color: var(--color-contrast-higher);\">GIN ELITE \/ RUM ELITE, MARTINI E SHOTS<\/span><\/p>\n<p>* LIMITED TO EXISTING STOCK<\/p><p><br><\/p>\n<p>(THE OFFER SHOTS CAN ONLY BE MADE WITH LADY\u00b4S NIGHT DRINKS)<\/p>\n<p>BEVERAGES CAN BE SERVED WITH LEMON JUICE, ORANGE JUICE, APPLE JUICE, PINEAPPLE JUICE, PASSION FRUIT JUICE, COCA-COLA AND SPRITE.<\/p>\n<p>*RED BULL IS NOT INCLUDED IN THE OFFER DRINKS<\/p><p><br><\/p><p><br><\/p>\n<p><\/p>\n<h2><b>9 \u2013 3 FREE DRINKS<\/b><\/h2>\n<p><\/p>\n<p class=\" translation-block\">THE OFFER DRINKS ARE SERVED HOURLY AFTER THE 1ST DRINK AND REQUIRES A STAY IN THE ESTABLISHMENT OF AT LEAST 45 MINUTES\u00a0<span style=\"background-color: var(--color-bg);color: var(--color -contrast-higher)\">AFTER THE ORDER OF EACH DRINK. IF THE PRIVATE RULES ARE NOT COMPLIED WITH, THE BEVERAGE WILL BE CHARGED ACCORDING TO THE PRICE LIST IN FORCE.<\/span><\/p>\n<p><span style=\"background-color: var(--color-bg); color: var(--color-contrast-higher);\">(DL 234\/2007. ART\u00ba14, N\u00ba2 AL\u00cdNEA B)<\/span><\/p>\n<p><span style=\"background-color: var(--color-bg); color: var(--color-contrast-higher);\">&nbsp;<\/span><\/p>\n<p><span style=\"background-color: var(--color-bg); color: var(--color-contrast-higher);\">&nbsp;<\/span><\/p>\n<h2><span style=\"background-color: var(--color-bg);\"><b>10 - UNIVERSITY STUDENTS<\/b><\/span><\/h2>\n<p class=\" translation-block\">ONLY THE 50% DISCOUNT APPLIED ON BEER,\u00a0<span style=\"background-color: var(--color-bg);color: var(--color-contrast-higher)\">WATER AND JUICE.<\/span><\/p>\n<p><\/p>\n<p>*IN THE OTHER DRINKS THE VALUE OF THE LIST PRICE IN FORCE WILL BE APPLIED.<\/p><p><br><\/p><p><br><\/p>\n<p><\/p>\n<h2><b>11 - LOST CARD<\/b><\/h2>\n<p><\/p>\n<p class=\" translation-block\">LOST CONSUMPTION CARD REQUIRES\u00a0<span style=\"background-color: var(--color-bg);color: var(--color-contrast-higher)\">PAYMENT OF 250\u20ac<\/span><\/p>\n<p><\/p>\n<p><!-- \/wp:paragraph --><\/p>\t\t\t\t\t\t<\/div>\n\t\t\t\t<\/div>\n\t\t\t\t\t<\/div>\n\t\t<\/div>\n\t\t\t\t\t\t\t<\/div>\n\t\t<\/section>\n\t\t\t\t\t\t\t<\/div>","protected":false},"excerpt":{"rendered":"<p>\u00c1REA VIP ESTABELECIMENTOS \u00c1REA VIP 1 \u2013 Prop\u00f3sito O presente Termos &amp; Condi\u00e7\u00f5es (Conjuntamente com a Pol\u00edtica de Privacidade e Cookies) estabelecem as condi\u00e7\u00f5es [&hellip;]<\/p>","protected":false},"author":1,"featured_media":0,"parent":0,"menu_order":12,"comment_status":"closed","ping_status":"closed","template":"","meta":{"footnotes":""},"class_list":["post-2830","page","type-page","status-publish","hentry"],"acf":{"full_width":true,"header_transparent":false},"aioseo_notices":[],"_links":{"self":[{"href":"https:\/\/grupoelite.pt\/en\/wp-json\/wp\/v2\/pages\/2830","targetHints":{"allow":["GET"]}}],"collection":[{"href":"https:\/\/grupoelite.pt\/en\/wp-json\/wp\/v2\/pages"}],"about":[{"href":"https:\/\/grupoelite.pt\/en\/wp-json\/wp\/v2\/types\/page"}],"author":[{"embeddable":true,"href":"https:\/\/grupoelite.pt\/en\/wp-json\/wp\/v2\/users\/1"}],"replies":[{"embeddable":true,"href":"https:\/\/grupoelite.pt\/en\/wp-json\/wp\/v2\/comments?post=2830"}],"version-history":[{"count":48,"href":"https:\/\/grupoelite.pt\/en\/wp-json\/wp\/v2\/pages\/2830\/revisions"}],"predecessor-version":[{"id":3220,"href":"https:\/\/grupoelite.pt\/en\/wp-json\/wp\/v2\/pages\/2830\/revisions\/3220"}],"wp:attachment":[{"href":"https:\/\/grupoelite.pt\/en\/wp-json\/wp\/v2\/media?parent=2830"}],"curies":[{"name":"wp","href":"https:\/\/api.w.org\/{rel}","templated":true}]}}